{"id":978,"date":"2022-07-07T15:07:27","date_gmt":"2022-07-07T20:07:27","guid":{"rendered":"https:\/\/erotoys.pe\/?post_type=product&#038;p=978"},"modified":"2023-05-16T10:04:17","modified_gmt":"2023-05-16T15:04:17","slug":"cadena-para-cosquilleo-sex-mischief","status":"publish","type":"product","link":"https:\/\/erotoys.pe\/index.php\/producto\/cadena-para-cosquilleo-sex-mischief\/","title":{"rendered":"Cadena para Cosquilleo &#8211; Sex &#038; Mischief"},"content":{"rendered":"<p>Acaricia suavemente a tu pareja para hacerle cosquillas, roza las \u00e1reas sensibles para tentarla y ll\u00e9vala m\u00e1s profundamente a la excitaci\u00f3n atormentadora de lo que cre\u00eda posible. Sumerja las bolas de metal sensibles a la temperatura en miniatura en agua fr\u00eda o tibia para obtener sensaciones adecuadas para el deleite o la desesperaci\u00f3n de su pareja. Usa el poder en tu mano mientras disfrutas de un travieso juego de excitaci\u00f3n, antes de darles lo que se merecen.<\/p>\n","protected":false},"excerpt":{"rendered":"<p>PVP: S\/ 99.00<\/p>\n","protected":false},"featured_media":1092,"comment_status":"closed","ping_status":"closed","template":"","meta":[],"product_brand":[],"product_cat":[24],"product_tag":[48],"class_list":{"0":"post-978","1":"product","2":"type-product","3":"status-publish","4":"has-post-thumbnail","6":"product_cat-bdsm","7":"product_tag-bdsm","9":"first","10":"instock","11":"shipping-taxable","12":"product-type-simple"},"_links":{"self":[{"href":"https:\/\/erotoys.pe\/index.php\/wp-json\/wp\/v2\/product\/978","targetHints":{"allow":["GET"]}}],"collection":[{"href":"https:\/\/erotoys.pe\/index.php\/wp-json\/wp\/v2\/product"}],"about":[{"href":"https:\/\/erotoys.pe\/index.php\/wp-json\/wp\/v2\/types\/product"}],"replies":[{"embeddable":true,"href":"https:\/\/erotoys.pe\/index.php\/wp-json\/wp\/v2\/comments?post=978"}],"wp:featuredmedia":[{"embeddable":true,"href":"https:\/\/erotoys.pe\/index.php\/wp-json\/wp\/v2\/media\/1092"}],"wp:attachment":[{"href":"https:\/\/erotoys.pe\/index.php\/wp-json\/wp\/v2\/media?parent=978"}],"wp:term":[{"taxonomy":"product_brand","embeddable":true,"href":"https:\/\/erotoys.pe\/index.php\/wp-json\/wp\/v2\/product_brand?post=978"},{"taxonomy":"product_cat","embeddable":true,"href":"https:\/\/erotoys.pe\/index.php\/wp-json\/wp\/v2\/product_cat?post=978"},{"taxonomy":"product_tag","embeddable":true,"href":"https:\/\/erotoys.pe\/index.php\/wp-json\/wp\/v2\/product_tag?post=978"}],"curies":[{"name":"wp","href":"https:\/\/api.w.org\/{rel}","templated":true}]}}