{"id":819,"date":"2022-07-07T15:01:50","date_gmt":"2022-07-07T20:01:50","guid":{"rendered":"https:\/\/erotoys.pe\/?post_type=product&#038;p=819"},"modified":"2023-05-16T10:04:35","modified_gmt":"2023-05-16T15:04:35","slug":"satisfyer-wand-er-woman","status":"publish","type":"product","link":"https:\/\/erotoys.pe\/index.php\/producto\/satisfyer-wand-er-woman\/","title":{"rendered":"Satisfyer Wand-er Woman"},"content":{"rendered":"<p>El Wand-er Women es ideal para masajes de cuerpo entero, con su tama\u00f1o impresionante, se convertir\u00e1 en una tentaci\u00f3n para ti o para tu pareja gracias a la profunda estimulaci\u00f3n de tus partes m\u00e1s \u00edntimas.<\/p>\n<ul>\n<li>50 combinaciones vibratorias.<\/li>\n<li>Cabezal de silicona supersuave y segura para el cuerpo.<\/li>\n<li>Resistente al agua (IPX7), puedes utilizarlo en la ducha.<\/li>\n<li>Recargable, cable de carga magn\u00e9tico USB incluido.<\/li>\n<li>Dimensiones: 34 cm x 5.7 cm<\/li>\n<\/ul>\n","protected":false},"excerpt":{"rendered":"<p>PVP: S\/ 369.00<\/p>\n","protected":false},"featured_media":948,"comment_status":"closed","ping_status":"closed","template":"","meta":[],"product_brand":[],"product_cat":[37],"product_tag":[27,35],"class_list":{"0":"post-819","1":"product","2":"type-product","3":"status-publish","4":"has-post-thumbnail","6":"product_cat-vibradores-externos","7":"product_tag-satisfyer","8":"product_tag-vulva","10":"first","11":"instock","12":"shipping-taxable","13":"product-type-simple"},"_links":{"self":[{"href":"https:\/\/erotoys.pe\/index.php\/wp-json\/wp\/v2\/product\/819","targetHints":{"allow":["GET"]}}],"collection":[{"href":"https:\/\/erotoys.pe\/index.php\/wp-json\/wp\/v2\/product"}],"about":[{"href":"https:\/\/erotoys.pe\/index.php\/wp-json\/wp\/v2\/types\/product"}],"replies":[{"embeddable":true,"href":"https:\/\/erotoys.pe\/index.php\/wp-json\/wp\/v2\/comments?post=819"}],"wp:featuredmedia":[{"embeddable":true,"href":"https:\/\/erotoys.pe\/index.php\/wp-json\/wp\/v2\/media\/948"}],"wp:attachment":[{"href":"https:\/\/erotoys.pe\/index.php\/wp-json\/wp\/v2\/media?parent=819"}],"wp:term":[{"taxonomy":"product_brand","embeddable":true,"href":"https:\/\/erotoys.pe\/index.php\/wp-json\/wp\/v2\/product_brand?post=819"},{"taxonomy":"product_cat","embeddable":true,"href":"https:\/\/erotoys.pe\/index.php\/wp-json\/wp\/v2\/product_cat?post=819"},{"taxonomy":"product_tag","embeddable":true,"href":"https:\/\/erotoys.pe\/index.php\/wp-json\/wp\/v2\/product_tag?post=819"}],"curies":[{"name":"wp","href":"https:\/\/api.w.org\/{rel}","templated":true}]}}