{"id":671,"date":"2022-07-07T14:57:34","date_gmt":"2022-07-07T19:57:34","guid":{"rendered":"https:\/\/erotoys.pe\/?post_type=product&#038;p=671"},"modified":"2023-05-16T10:04:40","modified_gmt":"2023-05-16T15:04:40","slug":"satisfyer-curvy-3-con-app","status":"publish","type":"product","link":"https:\/\/erotoys.pe\/index.php\/producto\/satisfyer-curvy-3-con-app\/","title":{"rendered":"Satisfyer Curvy 3+ con App"},"content":{"rendered":"<ul>\n<li>El Satisfyer Curvy 3+ es un estimulador de cl\u00edtoris que funciona mediante ondas de aire.\n<ul>\n<li>Compatible con la aplicaci\u00f3n gratuita Satisfyer: disponible en iOS y Android<\/li>\n<li>11 Intensidades de Ondas a Presi\u00f3n + 11 Programas de Vibraci\u00f3n.<\/li>\n<li>Estimulaci\u00f3n simult\u00e1nea del cl\u00edtoris mediante ondas de presi\u00f3n y vibraciones<\/li>\n<li>La boquilla es hecha de silicona suave y segura para el cuerpo.<\/li>\n<li>Tambi\u00e9n se puede utilizar sin la aplicaci\u00f3n<\/li>\n<li>Puedes crear tus propias vibraciones<\/li>\n<li>C\u00e9dele el control de las vibraciones a tu pareja y divi\u00e9rtanse a distancia.<\/li>\n<li>Resistente al agua, lo puedes usar en la ducha<\/li>\n<li>Tiene 2 motores de vibraci\u00f3n<\/li>\n<li>Es recargable<\/li>\n<li>Cable de carga USB magn\u00e9tico incluido<\/li>\n<\/ul>\n<\/li>\n<\/ul>\n","protected":false},"excerpt":{"rendered":"<p>PVP: S\/ 369.00<\/p>\n","protected":false},"featured_media":779,"comment_status":"closed","ping_status":"closed","template":"","meta":[],"product_brand":[],"product_cat":[25,33],"product_tag":[27,35],"class_list":{"0":"post-671","1":"product","2":"type-product","3":"status-publish","4":"has-post-thumbnail","6":"product_cat-app","7":"product_cat-succionadores","8":"product_tag-satisfyer","9":"product_tag-vulva","11":"first","12":"instock","13":"shipping-taxable","14":"product-type-simple"},"_links":{"self":[{"href":"https:\/\/erotoys.pe\/index.php\/wp-json\/wp\/v2\/product\/671","targetHints":{"allow":["GET"]}}],"collection":[{"href":"https:\/\/erotoys.pe\/index.php\/wp-json\/wp\/v2\/product"}],"about":[{"href":"https:\/\/erotoys.pe\/index.php\/wp-json\/wp\/v2\/types\/product"}],"replies":[{"embeddable":true,"href":"https:\/\/erotoys.pe\/index.php\/wp-json\/wp\/v2\/comments?post=671"}],"wp:featuredmedia":[{"embeddable":true,"href":"https:\/\/erotoys.pe\/index.php\/wp-json\/wp\/v2\/media\/779"}],"wp:attachment":[{"href":"https:\/\/erotoys.pe\/index.php\/wp-json\/wp\/v2\/media?parent=671"}],"wp:term":[{"taxonomy":"product_brand","embeddable":true,"href":"https:\/\/erotoys.pe\/index.php\/wp-json\/wp\/v2\/product_brand?post=671"},{"taxonomy":"product_cat","embeddable":true,"href":"https:\/\/erotoys.pe\/index.php\/wp-json\/wp\/v2\/product_cat?post=671"},{"taxonomy":"product_tag","embeddable":true,"href":"https:\/\/erotoys.pe\/index.php\/wp-json\/wp\/v2\/product_tag?post=671"}],"curies":[{"name":"wp","href":"https:\/\/api.w.org\/{rel}","templated":true}]}}