{"id":667,"date":"2022-07-07T14:57:34","date_gmt":"2022-07-07T19:57:34","guid":{"rendered":"https:\/\/erotoys.pe\/?post_type=product&#038;p=667"},"modified":"2023-05-16T10:04:57","modified_gmt":"2023-05-16T15:04:57","slug":"satisfyer-sexy-secret-con-app","status":"publish","type":"product","link":"https:\/\/erotoys.pe\/index.php\/producto\/satisfyer-sexy-secret-con-app\/","title":{"rendered":"Satisfyer Sexy Secret con App"},"content":{"rendered":"<p>Satisfyer Sexy Secret es un estimulador de cl\u00edtoris, para usarlo simplemente conecta el vibrador a tu ropa interior con el pr\u00e1ctico im\u00e1n. Se apoya directamente sobre el cl\u00edtoris y le proporciona una estimulaci\u00f3n especialmente intensa.<\/p>\n<ul>\n<li>\u00a0Potente motor que transmite intensos ritmos de vibraci\u00f3n a lo largo de todo el juguete.<\/li>\n<li>Hecho de silicona suave y segura para el cuerpo.<\/li>\n<li>Tambi\u00e9n se puede utilizar sin la aplicaci\u00f3n.<\/li>\n<li>La aplicaci\u00f3n ofrece una gama infinita de programas.<\/li>\n<li>Compatible con la aplicaci\u00f3n gratuita Satisfyer Connect, disponible en iOS y Android.<\/li>\n<li>Lo puedes sincronizar con Spotify.<\/li>\n<li>Es recargable.<\/li>\n<li>Resistente al agua, lo puedes usar en la ducha.<\/li>\n<li>Cable de carga USB magn\u00e9tico incluido.<\/li>\n<\/ul>\n","protected":false},"excerpt":{"rendered":"<p>PVP: S\/ 319.00<\/p>\n","protected":false},"featured_media":765,"comment_status":"closed","ping_status":"closed","template":"","meta":[],"product_brand":[],"product_cat":[25,17,37],"product_tag":[34,27,35,36],"class_list":{"0":"post-667","1":"product","2":"type-product","3":"status-publish","4":"has-post-thumbnail","6":"product_cat-app","7":"product_cat-en-pareja","8":"product_cat-vibradores-externos","9":"product_tag-julio","10":"product_tag-satisfyer","11":"product_tag-vulva","12":"product_tag-wow","14":"first","15":"instock","16":"shipping-taxable","17":"product-type-simple"},"_links":{"self":[{"href":"https:\/\/erotoys.pe\/index.php\/wp-json\/wp\/v2\/product\/667","targetHints":{"allow":["GET"]}}],"collection":[{"href":"https:\/\/erotoys.pe\/index.php\/wp-json\/wp\/v2\/product"}],"about":[{"href":"https:\/\/erotoys.pe\/index.php\/wp-json\/wp\/v2\/types\/product"}],"replies":[{"embeddable":true,"href":"https:\/\/erotoys.pe\/index.php\/wp-json\/wp\/v2\/comments?post=667"}],"wp:featuredmedia":[{"embeddable":true,"href":"https:\/\/erotoys.pe\/index.php\/wp-json\/wp\/v2\/media\/765"}],"wp:attachment":[{"href":"https:\/\/erotoys.pe\/index.php\/wp-json\/wp\/v2\/media?parent=667"}],"wp:term":[{"taxonomy":"product_brand","embeddable":true,"href":"https:\/\/erotoys.pe\/index.php\/wp-json\/wp\/v2\/product_brand?post=667"},{"taxonomy":"product_cat","embeddable":true,"href":"https:\/\/erotoys.pe\/index.php\/wp-json\/wp\/v2\/product_cat?post=667"},{"taxonomy":"product_tag","embeddable":true,"href":"https:\/\/erotoys.pe\/index.php\/wp-json\/wp\/v2\/product_tag?post=667"}],"curies":[{"name":"wp","href":"https:\/\/api.w.org\/{rel}","templated":true}]}}