{"id":638,"date":"2022-07-07T14:56:49","date_gmt":"2022-07-07T19:56:49","guid":{"rendered":"https:\/\/erotoys.pe\/?post_type=product&#038;p=638"},"modified":"2023-05-16T10:05:07","modified_gmt":"2023-05-16T15:05:07","slug":"masturbador-en-forma-de-vagina","status":"publish","type":"product","link":"https:\/\/erotoys.pe\/index.php\/producto\/masturbador-en-forma-de-vagina\/","title":{"rendered":"Masturbador en forma de vagina"},"content":{"rendered":"<ul>\n<li>Se auto lubrica cuando est\u00e1 mojado, solo agrega un poco de agua.<\/li>\n<li>Tiene textura en la parte interna.<\/li>\n<li>La succi\u00f3n suave se activa manualmente mediante la manipulaci\u00f3n de la v\u00e1lvula de aire.<\/li>\n<li>Este masturbador con textura interior se auto lubrica hasta los 12 primeros usos. Luego, puedes seguir us\u00e1ndolo con lubricante a base de agua.<\/li>\n<li>Medidas: 17.8 cm de alto x 6.4 cm de ancho.<\/li>\n<\/ul>\n","protected":false},"excerpt":{"rendered":"<p>PVP: S\/ 189.00<\/p>\n","protected":false},"featured_media":739,"comment_status":"closed","ping_status":"closed","template":"","meta":[],"product_brand":[],"product_cat":[21],"product_tag":[41,43],"class_list":{"0":"post-638","1":"product","2":"type-product","3":"status-publish","4":"has-post-thumbnail","6":"product_cat-masturbadores","7":"product_tag-banana-pop-one","8":"product_tag-pene","10":"first","11":"instock","12":"shipping-taxable","13":"product-type-simple"},"_links":{"self":[{"href":"https:\/\/erotoys.pe\/index.php\/wp-json\/wp\/v2\/product\/638","targetHints":{"allow":["GET"]}}],"collection":[{"href":"https:\/\/erotoys.pe\/index.php\/wp-json\/wp\/v2\/product"}],"about":[{"href":"https:\/\/erotoys.pe\/index.php\/wp-json\/wp\/v2\/types\/product"}],"replies":[{"embeddable":true,"href":"https:\/\/erotoys.pe\/index.php\/wp-json\/wp\/v2\/comments?post=638"}],"wp:featuredmedia":[{"embeddable":true,"href":"https:\/\/erotoys.pe\/index.php\/wp-json\/wp\/v2\/media\/739"}],"wp:attachment":[{"href":"https:\/\/erotoys.pe\/index.php\/wp-json\/wp\/v2\/media?parent=638"}],"wp:term":[{"taxonomy":"product_brand","embeddable":true,"href":"https:\/\/erotoys.pe\/index.php\/wp-json\/wp\/v2\/product_brand?post=638"},{"taxonomy":"product_cat","embeddable":true,"href":"https:\/\/erotoys.pe\/index.php\/wp-json\/wp\/v2\/product_cat?post=638"},{"taxonomy":"product_tag","embeddable":true,"href":"https:\/\/erotoys.pe\/index.php\/wp-json\/wp\/v2\/product_tag?post=638"}],"curies":[{"name":"wp","href":"https:\/\/api.w.org\/{rel}","templated":true}]}}