{"id":607,"date":"2022-07-07T14:56:20","date_gmt":"2022-07-07T19:56:20","guid":{"rendered":"https:\/\/erotoys.pe\/?post_type=product&#038;p=607"},"modified":"2023-05-16T10:05:21","modified_gmt":"2023-05-16T15:05:21","slug":"temptasia-esposas-con-peluche","status":"publish","type":"product","link":"https:\/\/erotoys.pe\/index.php\/producto\/temptasia-esposas-con-peluche\/","title":{"rendered":"Temptasia esposas con peluche"},"content":{"rendered":"<p>Estas esposas de metal con peluche se pueden ajustar en cada brazalete para garantizar un ajuste c\u00f3modo y una experiencia incre\u00edble. Tiene cerraduras en ambos pu\u00f1os, cada uno con una palanca de liberaci\u00f3n de seguridad y un juego de dos llaves.<\/p>\n","protected":false},"excerpt":{"rendered":"<p>PVP: S\/ 99.00<\/p>\n","protected":false},"featured_media":655,"comment_status":"closed","ping_status":"closed","template":"","meta":[],"product_brand":[],"product_cat":[24,17],"product_tag":[],"class_list":{"0":"post-607","1":"product","2":"type-product","3":"status-publish","4":"has-post-thumbnail","6":"product_cat-bdsm","7":"product_cat-en-pareja","9":"first","10":"instock","11":"shipping-taxable","12":"product-type-simple"},"_links":{"self":[{"href":"https:\/\/erotoys.pe\/index.php\/wp-json\/wp\/v2\/product\/607","targetHints":{"allow":["GET"]}}],"collection":[{"href":"https:\/\/erotoys.pe\/index.php\/wp-json\/wp\/v2\/product"}],"about":[{"href":"https:\/\/erotoys.pe\/index.php\/wp-json\/wp\/v2\/types\/product"}],"replies":[{"embeddable":true,"href":"https:\/\/erotoys.pe\/index.php\/wp-json\/wp\/v2\/comments?post=607"}],"wp:featuredmedia":[{"embeddable":true,"href":"https:\/\/erotoys.pe\/index.php\/wp-json\/wp\/v2\/media\/655"}],"wp:attachment":[{"href":"https:\/\/erotoys.pe\/index.php\/wp-json\/wp\/v2\/media?parent=607"}],"wp:term":[{"taxonomy":"product_brand","embeddable":true,"href":"https:\/\/erotoys.pe\/index.php\/wp-json\/wp\/v2\/product_brand?post=607"},{"taxonomy":"product_cat","embeddable":true,"href":"https:\/\/erotoys.pe\/index.php\/wp-json\/wp\/v2\/product_cat?post=607"},{"taxonomy":"product_tag","embeddable":true,"href":"https:\/\/erotoys.pe\/index.php\/wp-json\/wp\/v2\/product_tag?post=607"}],"curies":[{"name":"wp","href":"https:\/\/api.w.org\/{rel}","templated":true}]}}