{"id":594,"date":"2022-07-07T14:56:20","date_gmt":"2022-07-07T19:56:20","guid":{"rendered":"https:\/\/erotoys.pe\/?post_type=product&#038;p=594"},"modified":"2023-05-16T10:05:27","modified_gmt":"2023-05-16T15:05:27","slug":"fetish-fantasy-mascara-con-cierre","status":"publish","type":"product","link":"https:\/\/erotoys.pe\/index.php\/producto\/fetish-fantasy-mascara-con-cierre\/","title":{"rendered":"Fetish Fantasy M\u00e1scara con Cierre"},"content":{"rendered":"<p>Esta capucha liviana est\u00e1 hecha de poli\u00e9ster- spandex de alta calidad dise\u00f1ada para adaptarse a la mayor\u00eda de los tallas y permite respirar f\u00e1cilmente. Las cremalleras de ojos y boca te dan control sobre lo que su sujeto puede ver o saborear. \u00a1Cierra los ojos y la boca, apaga las luces y enciende la diversi\u00f3n!<\/p>\n","protected":false},"excerpt":{"rendered":"<p>PVP: S\/ 99.00<\/p>\n","protected":false},"featured_media":401,"comment_status":"closed","ping_status":"closed","template":"","meta":[],"product_brand":[],"product_cat":[24,17],"product_tag":[48],"class_list":{"0":"post-594","1":"product","2":"type-product","3":"status-publish","4":"has-post-thumbnail","6":"product_cat-bdsm","7":"product_cat-en-pareja","8":"product_tag-bdsm","10":"first","11":"instock","12":"shipping-taxable","13":"product-type-simple"},"_links":{"self":[{"href":"https:\/\/erotoys.pe\/index.php\/wp-json\/wp\/v2\/product\/594","targetHints":{"allow":["GET"]}}],"collection":[{"href":"https:\/\/erotoys.pe\/index.php\/wp-json\/wp\/v2\/product"}],"about":[{"href":"https:\/\/erotoys.pe\/index.php\/wp-json\/wp\/v2\/types\/product"}],"replies":[{"embeddable":true,"href":"https:\/\/erotoys.pe\/index.php\/wp-json\/wp\/v2\/comments?post=594"}],"wp:featuredmedia":[{"embeddable":true,"href":"https:\/\/erotoys.pe\/index.php\/wp-json\/wp\/v2\/media\/401"}],"wp:attachment":[{"href":"https:\/\/erotoys.pe\/index.php\/wp-json\/wp\/v2\/media?parent=594"}],"wp:term":[{"taxonomy":"product_brand","embeddable":true,"href":"https:\/\/erotoys.pe\/index.php\/wp-json\/wp\/v2\/product_brand?post=594"},{"taxonomy":"product_cat","embeddable":true,"href":"https:\/\/erotoys.pe\/index.php\/wp-json\/wp\/v2\/product_cat?post=594"},{"taxonomy":"product_tag","embeddable":true,"href":"https:\/\/erotoys.pe\/index.php\/wp-json\/wp\/v2\/product_tag?post=594"}],"curies":[{"name":"wp","href":"https:\/\/api.w.org\/{rel}","templated":true}]}}