{"id":567,"date":"2022-07-07T14:56:00","date_gmt":"2022-07-07T19:56:00","guid":{"rendered":"https:\/\/erotoys.pe\/?post_type=product&#038;p=567"},"modified":"2023-05-16T10:05:57","modified_gmt":"2023-05-16T15:05:57","slug":"satisfyer-double-joy-con-app","status":"publish","type":"product","link":"https:\/\/erotoys.pe\/index.php\/producto\/satisfyer-double-joy-con-app\/","title":{"rendered":"Satisfyer Double Joy con App"},"content":{"rendered":"<p>El Double Joy estimula de manera intensa a ambos compa\u00f1eros durante el sexo. La forma de U se ajusta tanto por dentro como por fuera, lo que garantiza una sensaci\u00f3n de vibraci\u00f3n para el cl\u00edtoris, el punto G y el pene. Con su propia aplicaci\u00f3n, este juguete de alta tecnolog\u00eda est\u00e1 mejorado con juego a distancia y m\u00e1s. Introducir el eje m\u00e1s peque\u00f1o del vibrador en forma de U durante las relaciones sexuales y disfruta de la estimulaci\u00f3n simult\u00e1nea tanto del cl\u00edtoris como del pene. <span style=\"font-weight: 400;\">Crea tus propias vibraciones y comp\u00e1rtelas con otros usuarios de todo el mundo. Experimenta la vibraci\u00f3n al ritmo de tu lista de reproducci\u00f3n favorita de Spotify; tu creatividad no tiene l\u00edmites gracias a esta aplicaci\u00f3n de control remoto. Tambi\u00e9n puedes permitir a tu pareja que tome el control o controlar el Satisfyer de otros usuarios a trav\u00e9s de videochat.<\/span><\/p>\n<ul>\n<li>2 motores superpotentes<\/li>\n<li>Ideal para parejas.<\/li>\n<li>Posibilidad de utilizar tambi\u00e9n sin aplicaci\u00f3n<\/li>\n<li>Infinita variedad de programas a trav\u00e9s de la aplicaci\u00f3n<\/li>\n<li>10 programas de vibraci\u00f3n<\/li>\n<li>Programas predefinidos editables<\/li>\n<li><span style=\"font-weight: 400;\">Impermeable (IPX7), puedes usarlo en la ducha<\/span><\/li>\n<li><span style=\"font-weight: 400;\">Recargable mediante cable de carga magn\u00e9tico USB incluido.<\/span><\/li>\n<li>Silicona agradable al cuerpo<\/li>\n<\/ul>\n<p><span style=\"font-weight: 400;\">Simplemente tienes que descargar la aplicaci\u00f3n gratuita Satisfyer Connect en tu dispositivo Android o iOS y conectar tu smartphone, tableta o Apple Watch a trav\u00e9s de Bluetooth.<\/span><\/p>\n<p>&nbsp;<\/p>\n<p>&nbsp;<\/p>\n<p>&nbsp;<\/p>\n","protected":false},"excerpt":{"rendered":"<p>PVP: S\/ 339.00<\/p>\n","protected":false},"featured_media":278,"comment_status":"closed","ping_status":"closed","template":"","meta":[],"product_brand":[],"product_cat":[25,17],"product_tag":[34,27,35],"class_list":{"0":"post-567","1":"product","2":"type-product","3":"status-publish","4":"has-post-thumbnail","6":"product_cat-app","7":"product_cat-en-pareja","8":"product_tag-julio","9":"product_tag-satisfyer","10":"product_tag-vulva","12":"first","13":"instock","14":"shipping-taxable","15":"product-type-simple"},"_links":{"self":[{"href":"https:\/\/erotoys.pe\/index.php\/wp-json\/wp\/v2\/product\/567","targetHints":{"allow":["GET"]}}],"collection":[{"href":"https:\/\/erotoys.pe\/index.php\/wp-json\/wp\/v2\/product"}],"about":[{"href":"https:\/\/erotoys.pe\/index.php\/wp-json\/wp\/v2\/types\/product"}],"replies":[{"embeddable":true,"href":"https:\/\/erotoys.pe\/index.php\/wp-json\/wp\/v2\/comments?post=567"}],"wp:featuredmedia":[{"embeddable":true,"href":"https:\/\/erotoys.pe\/index.php\/wp-json\/wp\/v2\/media\/278"}],"wp:attachment":[{"href":"https:\/\/erotoys.pe\/index.php\/wp-json\/wp\/v2\/media?parent=567"}],"wp:term":[{"taxonomy":"product_brand","embeddable":true,"href":"https:\/\/erotoys.pe\/index.php\/wp-json\/wp\/v2\/product_brand?post=567"},{"taxonomy":"product_cat","embeddable":true,"href":"https:\/\/erotoys.pe\/index.php\/wp-json\/wp\/v2\/product_cat?post=567"},{"taxonomy":"product_tag","embeddable":true,"href":"https:\/\/erotoys.pe\/index.php\/wp-json\/wp\/v2\/product_tag?post=567"}],"curies":[{"name":"wp","href":"https:\/\/api.w.org\/{rel}","templated":true}]}}