{"id":548,"date":"2022-07-07T14:54:49","date_gmt":"2022-07-07T19:54:49","guid":{"rendered":"https:\/\/erotoys.pe\/?post_type=product&#038;p=548"},"modified":"2023-05-16T10:06:05","modified_gmt":"2023-05-16T15:06:05","slug":"performance-vx101-bomba-para-pene","status":"publish","type":"product","link":"https:\/\/erotoys.pe\/index.php\/producto\/performance-vx101-bomba-para-pene\/","title":{"rendered":"Performance &#8211; Vx101 Bomba para Pene"},"content":{"rendered":"<p>Con una bomba de bola de silicona segura para el cuerpo, un conector de f\u00e1cil liberaci\u00f3n y una v\u00e1lvula de liberaci\u00f3n r\u00e1pida, esta bomba est\u00e1 dise\u00f1ada para garantizar tu seguridad. El cilindro est\u00e1 hecho de pl\u00e1sticos resistentes a los impactos y tiene el tama\u00f1o adecuado para la mayor\u00eda de tallas. \u00a1Tambi\u00e9n viene con un anillo Stay Hard para mejorar tu tiempo en la cama!<\/p>\n<ul>\n<li>Nueva bomba en forma de bola mejorada para mayor succi\u00f3n.<\/li>\n<li>V\u00e1lvula de liberaci\u00f3n r\u00e1pida de f\u00e1cil acceso.<\/li>\n<li>Incluye 1 anillo para el pene Stay Hard.<\/li>\n<li>Dimensiones: 20.3 cm insertables x 5.72 cm de ancho.<\/li>\n<\/ul>\n","protected":false},"excerpt":{"rendered":"<p>PVP: S\/ 199.00<\/p>\n","protected":false},"featured_media":214,"comment_status":"closed","ping_status":"closed","template":"","meta":[],"product_brand":[],"product_cat":[23],"product_tag":[43],"class_list":{"0":"post-548","1":"product","2":"type-product","3":"status-publish","4":"has-post-thumbnail","6":"product_cat-bombas","7":"product_tag-pene","9":"first","10":"instock","11":"shipping-taxable","12":"product-type-simple"},"_links":{"self":[{"href":"https:\/\/erotoys.pe\/index.php\/wp-json\/wp\/v2\/product\/548","targetHints":{"allow":["GET"]}}],"collection":[{"href":"https:\/\/erotoys.pe\/index.php\/wp-json\/wp\/v2\/product"}],"about":[{"href":"https:\/\/erotoys.pe\/index.php\/wp-json\/wp\/v2\/types\/product"}],"replies":[{"embeddable":true,"href":"https:\/\/erotoys.pe\/index.php\/wp-json\/wp\/v2\/comments?post=548"}],"wp:featuredmedia":[{"embeddable":true,"href":"https:\/\/erotoys.pe\/index.php\/wp-json\/wp\/v2\/media\/214"}],"wp:attachment":[{"href":"https:\/\/erotoys.pe\/index.php\/wp-json\/wp\/v2\/media?parent=548"}],"wp:term":[{"taxonomy":"product_brand","embeddable":true,"href":"https:\/\/erotoys.pe\/index.php\/wp-json\/wp\/v2\/product_brand?post=548"},{"taxonomy":"product_cat","embeddable":true,"href":"https:\/\/erotoys.pe\/index.php\/wp-json\/wp\/v2\/product_cat?post=548"},{"taxonomy":"product_tag","embeddable":true,"href":"https:\/\/erotoys.pe\/index.php\/wp-json\/wp\/v2\/product_tag?post=548"}],"curies":[{"name":"wp","href":"https:\/\/api.w.org\/{rel}","templated":true}]}}