{"id":537,"date":"2022-07-07T14:54:48","date_gmt":"2022-07-07T19:54:48","guid":{"rendered":"https:\/\/erotoys.pe\/?post_type=product&#038;p=537"},"modified":"2023-05-16T10:06:16","modified_gmt":"2023-05-16T15:06:16","slug":"satisfyer-men-vibration","status":"publish","type":"product","link":"https:\/\/erotoys.pe\/index.php\/producto\/satisfyer-men-vibration\/","title":{"rendered":"Satisfyer Men Vibration"},"content":{"rendered":"<p>\u00a1Lleg\u00f3 la revoluci\u00f3n de la masturbaci\u00f3n masculina! El masturbador envuelve la secci\u00f3n superior de tu pene con vibraciones profundas hasta alcanzar orgasmos explosivos. Estimular\u00e1s el glande y la parte frontal de tu pene. Los diferentes programas simulan el sexo oral, justo como te gusta.<\/p>\n<ul>\n<li>14 programas de vibraci\u00f3n.<\/li>\n<li>Longitud de inserci\u00f3n de 7 cm.<\/li>\n<li>Hecho de silicona suave y segura para el cuerpo.<\/li>\n<li>Resistente al agua (IPX7), puedes usarlo en la ducha.<\/li>\n<li>Recargable, cable de carga magn\u00e9tico USB incluido.<\/li>\n<\/ul>\n","protected":false},"excerpt":{"rendered":"<p>PVP: S\/ 369.00<\/p>\n","protected":false},"featured_media":157,"comment_status":"closed","ping_status":"closed","template":"","meta":[],"product_brand":[],"product_cat":[21],"product_tag":[43,27],"class_list":{"0":"post-537","1":"product","2":"type-product","3":"status-publish","4":"has-post-thumbnail","6":"product_cat-masturbadores","7":"product_tag-pene","8":"product_tag-satisfyer","10":"first","11":"instock","12":"shipping-taxable","13":"product-type-simple"},"_links":{"self":[{"href":"https:\/\/erotoys.pe\/index.php\/wp-json\/wp\/v2\/product\/537","targetHints":{"allow":["GET"]}}],"collection":[{"href":"https:\/\/erotoys.pe\/index.php\/wp-json\/wp\/v2\/product"}],"about":[{"href":"https:\/\/erotoys.pe\/index.php\/wp-json\/wp\/v2\/types\/product"}],"replies":[{"embeddable":true,"href":"https:\/\/erotoys.pe\/index.php\/wp-json\/wp\/v2\/comments?post=537"}],"wp:featuredmedia":[{"embeddable":true,"href":"https:\/\/erotoys.pe\/index.php\/wp-json\/wp\/v2\/media\/157"}],"wp:attachment":[{"href":"https:\/\/erotoys.pe\/index.php\/wp-json\/wp\/v2\/media?parent=537"}],"wp:term":[{"taxonomy":"product_brand","embeddable":true,"href":"https:\/\/erotoys.pe\/index.php\/wp-json\/wp\/v2\/product_brand?post=537"},{"taxonomy":"product_cat","embeddable":true,"href":"https:\/\/erotoys.pe\/index.php\/wp-json\/wp\/v2\/product_cat?post=537"},{"taxonomy":"product_tag","embeddable":true,"href":"https:\/\/erotoys.pe\/index.php\/wp-json\/wp\/v2\/product_tag?post=537"}],"curies":[{"name":"wp","href":"https:\/\/api.w.org\/{rel}","templated":true}]}}