{"id":524,"date":"2022-07-07T14:54:47","date_gmt":"2022-07-07T19:54:47","guid":{"rendered":"https:\/\/erotoys.pe\/?post_type=product&#038;p=524"},"modified":"2023-05-16T10:06:27","modified_gmt":"2023-05-16T15:06:27","slug":"satisfyer-number-one","status":"publish","type":"product","link":"https:\/\/erotoys.pe\/index.php\/producto\/satisfyer-number-one\/","title":{"rendered":"Satisfyer Number One"},"content":{"rendered":"<p>Satisfyer Number One con su estimulaci\u00f3n de ondas de presi\u00f3n lo convierte en el compa\u00f1ero perfecto.<\/p>\n<ul>\n<li>Onda de presi\u00f3n y estimulaci\u00f3n del cl\u00edtoris sin contacto.<\/li>\n<li>11 programas de ondas de aire.<\/li>\n<li>Impermeable, lo puedes usar en la ducha.<\/li>\n<li>F\u00e1cil de limpiar.<\/li>\n<li>Hecho de silicona suave y segura para el cuerpo.<\/li>\n<li>Requiere 2 pilas AAA, incluidas.<\/li>\n<\/ul>\n","protected":false},"excerpt":{"rendered":"<p>PVP: S\/ 219<\/p>\n","protected":false},"featured_media":387,"comment_status":"closed","ping_status":"closed","template":"","meta":[],"product_brand":[],"product_cat":[33],"product_tag":[41,27,35,36],"class_list":{"0":"post-524","1":"product","2":"type-product","3":"status-publish","4":"has-post-thumbnail","6":"product_cat-succionadores","7":"product_tag-banana-pop-one","8":"product_tag-satisfyer","9":"product_tag-vulva","10":"product_tag-wow","12":"first","13":"instock","14":"shipping-taxable","15":"product-type-simple"},"_links":{"self":[{"href":"https:\/\/erotoys.pe\/index.php\/wp-json\/wp\/v2\/product\/524","targetHints":{"allow":["GET"]}}],"collection":[{"href":"https:\/\/erotoys.pe\/index.php\/wp-json\/wp\/v2\/product"}],"about":[{"href":"https:\/\/erotoys.pe\/index.php\/wp-json\/wp\/v2\/types\/product"}],"replies":[{"embeddable":true,"href":"https:\/\/erotoys.pe\/index.php\/wp-json\/wp\/v2\/comments?post=524"}],"wp:featuredmedia":[{"embeddable":true,"href":"https:\/\/erotoys.pe\/index.php\/wp-json\/wp\/v2\/media\/387"}],"wp:attachment":[{"href":"https:\/\/erotoys.pe\/index.php\/wp-json\/wp\/v2\/media?parent=524"}],"wp:term":[{"taxonomy":"product_brand","embeddable":true,"href":"https:\/\/erotoys.pe\/index.php\/wp-json\/wp\/v2\/product_brand?post=524"},{"taxonomy":"product_cat","embeddable":true,"href":"https:\/\/erotoys.pe\/index.php\/wp-json\/wp\/v2\/product_cat?post=524"},{"taxonomy":"product_tag","embeddable":true,"href":"https:\/\/erotoys.pe\/index.php\/wp-json\/wp\/v2\/product_tag?post=524"}],"curies":[{"name":"wp","href":"https:\/\/api.w.org\/{rel}","templated":true}]}}