{"id":520,"date":"2022-07-07T14:54:47","date_gmt":"2022-07-07T19:54:47","guid":{"rendered":"https:\/\/erotoys.pe\/?post_type=product&#038;p=520"},"modified":"2023-05-16T10:06:32","modified_gmt":"2023-05-16T15:06:32","slug":"satisfyer-pro-2","status":"publish","type":"product","link":"https:\/\/erotoys.pe\/index.php\/producto\/satisfyer-pro-2\/","title":{"rendered":"Satisfyer Pro 2"},"content":{"rendered":"<p>El Satisfyer Pro 2 trabaja con la tecnolog\u00eda Air Pulse de Satisfyer, que acaricia tu cl\u00edtoris por medio de suaves e intensas ondas de presi\u00f3n.<\/p>\n<p>El nuevo cabezal de silicona es m\u00e1s grande y ancho, de modo que envuelve tu cl\u00edtoris a\u00fan mejor, proporcion\u00e1ndote experiencias \u00fanicas y orgasmos explosivos.<\/p>\n<ul>\n<li>Estimula el cl\u00edtoris sin contacto directo.<\/li>\n<li>Cabezal de silicona supersuave y segura para el cuerpo.<\/li>\n<li>Resistente al agua (IPX7), puedes utilizarlo en la ducha.<\/li>\n<li>11 intensidades de onda de presi\u00f3n.<\/li>\n<li>Recargable mediante cable de carga magn\u00e9tica por USB incluido.<\/li>\n<\/ul>\n<p>\u00bfQu\u00e9 otra cosa te impide lanzarte por este excitante juguete?<\/p>\n","protected":false},"excerpt":{"rendered":"<p>PVP: S\/ 329.00<\/p>\n","protected":false},"featured_media":554,"comment_status":"closed","ping_status":"closed","template":"","meta":[],"product_brand":[],"product_cat":[33],"product_tag":[34,27,35,36],"class_list":{"0":"post-520","1":"product","2":"type-product","3":"status-publish","4":"has-post-thumbnail","6":"product_cat-succionadores","7":"product_tag-julio","8":"product_tag-satisfyer","9":"product_tag-vulva","10":"product_tag-wow","12":"first","13":"instock","14":"shipping-taxable","15":"product-type-simple"},"_links":{"self":[{"href":"https:\/\/erotoys.pe\/index.php\/wp-json\/wp\/v2\/product\/520","targetHints":{"allow":["GET"]}}],"collection":[{"href":"https:\/\/erotoys.pe\/index.php\/wp-json\/wp\/v2\/product"}],"about":[{"href":"https:\/\/erotoys.pe\/index.php\/wp-json\/wp\/v2\/types\/product"}],"replies":[{"embeddable":true,"href":"https:\/\/erotoys.pe\/index.php\/wp-json\/wp\/v2\/comments?post=520"}],"wp:featuredmedia":[{"embeddable":true,"href":"https:\/\/erotoys.pe\/index.php\/wp-json\/wp\/v2\/media\/554"}],"wp:attachment":[{"href":"https:\/\/erotoys.pe\/index.php\/wp-json\/wp\/v2\/media?parent=520"}],"wp:term":[{"taxonomy":"product_brand","embeddable":true,"href":"https:\/\/erotoys.pe\/index.php\/wp-json\/wp\/v2\/product_brand?post=520"},{"taxonomy":"product_cat","embeddable":true,"href":"https:\/\/erotoys.pe\/index.php\/wp-json\/wp\/v2\/product_cat?post=520"},{"taxonomy":"product_tag","embeddable":true,"href":"https:\/\/erotoys.pe\/index.php\/wp-json\/wp\/v2\/product_tag?post=520"}],"curies":[{"name":"wp","href":"https:\/\/api.w.org\/{rel}","templated":true}]}}