{"id":1080,"date":"2022-07-07T15:10:22","date_gmt":"2022-07-07T20:10:22","guid":{"rendered":"https:\/\/erotoys.pe\/?post_type=product&#038;p=1080"},"modified":"2023-05-16T09:59:56","modified_gmt":"2023-05-16T14:59:56","slug":"svakom-trysta","status":"publish","type":"product","link":"https:\/\/erotoys.pe\/index.php\/producto\/svakom-trysta\/","title":{"rendered":"Svakom Trysta"},"content":{"rendered":"<p>Trysta es el rabbit perfecto para la estimulaci\u00f3n del punto G y cl\u00edtoris simult\u00e1neamente. Adem\u00e1s, la bolita rodante sin duda le traer\u00e1 a un nuevo nivel de \u00e9xtasis.<\/p>\n<ul>\n<li>7 modos de vibraci\u00f3n y 5 niveles de intensidad en cada modo.<\/li>\n<li>Estimulaci\u00f3n de la zona G con su bolita rodante de 2 niveles de intensidad.<\/li>\n<li>Resistente a salpicaduras.<\/li>\n<li>Hecho de silicona suave y segura para el cuerpo.<\/li>\n<li>Recargable mediante el cable USB incluido.<\/li>\n<li>Tiempo de carga: 2 horas.<\/li>\n<li>Uso continuo m\u00e1ximo: 1 hora.<\/li>\n<\/ul>\n","protected":false},"excerpt":{"rendered":"<p>PVP: S\/ 399.00<\/p>\n","protected":false},"featured_media":1186,"comment_status":"closed","ping_status":"closed","template":"","meta":[],"product_brand":[],"product_cat":[47],"product_tag":[34,28,35],"class_list":{"0":"post-1080","1":"product","2":"type-product","3":"status-publish","4":"has-post-thumbnail","6":"product_cat-rabbits","7":"product_tag-julio","8":"product_tag-svakom","9":"product_tag-vulva","11":"first","12":"instock","13":"shipping-taxable","14":"product-type-simple"},"_links":{"self":[{"href":"https:\/\/erotoys.pe\/index.php\/wp-json\/wp\/v2\/product\/1080","targetHints":{"allow":["GET"]}}],"collection":[{"href":"https:\/\/erotoys.pe\/index.php\/wp-json\/wp\/v2\/product"}],"about":[{"href":"https:\/\/erotoys.pe\/index.php\/wp-json\/wp\/v2\/types\/product"}],"replies":[{"embeddable":true,"href":"https:\/\/erotoys.pe\/index.php\/wp-json\/wp\/v2\/comments?post=1080"}],"wp:featuredmedia":[{"embeddable":true,"href":"https:\/\/erotoys.pe\/index.php\/wp-json\/wp\/v2\/media\/1186"}],"wp:attachment":[{"href":"https:\/\/erotoys.pe\/index.php\/wp-json\/wp\/v2\/media?parent=1080"}],"wp:term":[{"taxonomy":"product_brand","embeddable":true,"href":"https:\/\/erotoys.pe\/index.php\/wp-json\/wp\/v2\/product_brand?post=1080"},{"taxonomy":"product_cat","embeddable":true,"href":"https:\/\/erotoys.pe\/index.php\/wp-json\/wp\/v2\/product_cat?post=1080"},{"taxonomy":"product_tag","embeddable":true,"href":"https:\/\/erotoys.pe\/index.php\/wp-json\/wp\/v2\/product_tag?post=1080"}],"curies":[{"name":"wp","href":"https:\/\/api.w.org\/{rel}","templated":true}]}}