{"id":1078,"date":"2022-07-07T15:10:22","date_gmt":"2022-07-07T20:10:22","guid":{"rendered":"https:\/\/erotoys.pe\/?post_type=product&#038;p=1078"},"modified":"2023-05-16T10:00:32","modified_gmt":"2023-05-16T15:00:32","slug":"svakom-angel-con-calor","status":"publish","type":"product","link":"https:\/\/erotoys.pe\/index.php\/producto\/svakom-angel-con-calor\/","title":{"rendered":"Svakom Angel con Calor"},"content":{"rendered":"<p>Angel es un rabbit que estimula tu zona G mientras juega con tu cl\u00edtoris, y que se calienta para una sensaci\u00f3n m\u00e1s intensa.<\/p>\n<ul>\n<li>Funci\u00f3n de calor hasta 38\u00b0C.<\/li>\n<li>7 modos de vibraci\u00f3n y 5 niveles de intensidad en cada modo.<\/li>\n<li>El modo inteligente SVAKOM ir\u00e1 cambiando sus ritmos sin necesidad de que aprietes un bot\u00f3n.<\/li>\n<li>Impermeable (IPX6), puedes usarlo en la ducha.<\/li>\n<li>Hecho de silicona suave y segura para el cuerpo.<\/li>\n<li>Recargable mediante el cable USB incluido.<\/li>\n<li>Tiempo de carga: 1 hora.<\/li>\n<li>Tiempo de uso: 3 horas<\/li>\n<\/ul>\n<p>&nbsp;<\/p>\n","protected":false},"excerpt":{"rendered":"<p>PVP: S\/ 339.00<\/p>\n","protected":false},"featured_media":1179,"comment_status":"closed","ping_status":"closed","template":"","meta":[],"product_brand":[],"product_cat":[47],"product_tag":[34,28,35],"class_list":{"0":"post-1078","1":"product","2":"type-product","3":"status-publish","4":"has-post-thumbnail","6":"product_cat-rabbits","7":"product_tag-julio","8":"product_tag-svakom","9":"product_tag-vulva","11":"first","12":"instock","13":"shipping-taxable","14":"product-type-simple"},"_links":{"self":[{"href":"https:\/\/erotoys.pe\/index.php\/wp-json\/wp\/v2\/product\/1078","targetHints":{"allow":["GET"]}}],"collection":[{"href":"https:\/\/erotoys.pe\/index.php\/wp-json\/wp\/v2\/product"}],"about":[{"href":"https:\/\/erotoys.pe\/index.php\/wp-json\/wp\/v2\/types\/product"}],"replies":[{"embeddable":true,"href":"https:\/\/erotoys.pe\/index.php\/wp-json\/wp\/v2\/comments?post=1078"}],"wp:featuredmedia":[{"embeddable":true,"href":"https:\/\/erotoys.pe\/index.php\/wp-json\/wp\/v2\/media\/1179"}],"wp:attachment":[{"href":"https:\/\/erotoys.pe\/index.php\/wp-json\/wp\/v2\/media?parent=1078"}],"wp:term":[{"taxonomy":"product_brand","embeddable":true,"href":"https:\/\/erotoys.pe\/index.php\/wp-json\/wp\/v2\/product_brand?post=1078"},{"taxonomy":"product_cat","embeddable":true,"href":"https:\/\/erotoys.pe\/index.php\/wp-json\/wp\/v2\/product_cat?post=1078"},{"taxonomy":"product_tag","embeddable":true,"href":"https:\/\/erotoys.pe\/index.php\/wp-json\/wp\/v2\/product_tag?post=1078"}],"curies":[{"name":"wp","href":"https:\/\/api.w.org\/{rel}","templated":true}]}}