{"id":1077,"date":"2022-07-07T15:10:22","date_gmt":"2022-07-07T20:10:22","guid":{"rendered":"https:\/\/erotoys.pe\/?post_type=product&#038;p=1077"},"modified":"2023-05-16T10:00:41","modified_gmt":"2023-05-16T15:00:41","slug":"svakom-winni","status":"publish","type":"product","link":"https:\/\/erotoys.pe\/index.php\/producto\/svakom-winni\/","title":{"rendered":"Svakom Winni"},"content":{"rendered":"<p>Winni es un anillo vibrador para el pene con control remoto, dise\u00f1ado para parejas con un lado aventurero. Winni no solo ayuda a prolongar la resistencia del hombre, sino que tambi\u00e9n ayuda a estimular el cl\u00edtoris.<\/p>\n<ul>\n<li>Incluye con control remoto (hasta 10 metros de distancia).<\/li>\n<li>5 modos de vibraci\u00f3n y 5 niveles de intensidad en cada modo.<\/li>\n<li>El modo inteligente SVAKOM ir\u00e1 cambiando sus ritmos sin necesidad de que aprietes un bot\u00f3n.<\/li>\n<li>Hecho de silicona suave y segura para el cuerpo.<\/li>\n<li>Recargable mediante cable USB incluido.<\/li>\n<li>Impermeable, puedes usarlo en la ducha.<\/li>\n<li>Medidas: 9,5 cm x 2.9 cm (flexible).<\/li>\n<\/ul>\n","protected":false},"excerpt":{"rendered":"<p>PVP: S\/ 339.00<\/p>\n","protected":false},"featured_media":1173,"comment_status":"closed","ping_status":"closed","template":"","meta":[],"product_brand":[],"product_cat":[46,17],"product_tag":[34,28],"class_list":{"0":"post-1077","1":"product","2":"type-product","3":"status-publish","4":"has-post-thumbnail","6":"product_cat-anillos","7":"product_cat-en-pareja","8":"product_tag-julio","9":"product_tag-svakom","11":"first","12":"instock","13":"shipping-taxable","14":"product-type-simple"},"_links":{"self":[{"href":"https:\/\/erotoys.pe\/index.php\/wp-json\/wp\/v2\/product\/1077","targetHints":{"allow":["GET"]}}],"collection":[{"href":"https:\/\/erotoys.pe\/index.php\/wp-json\/wp\/v2\/product"}],"about":[{"href":"https:\/\/erotoys.pe\/index.php\/wp-json\/wp\/v2\/types\/product"}],"replies":[{"embeddable":true,"href":"https:\/\/erotoys.pe\/index.php\/wp-json\/wp\/v2\/comments?post=1077"}],"wp:featuredmedia":[{"embeddable":true,"href":"https:\/\/erotoys.pe\/index.php\/wp-json\/wp\/v2\/media\/1173"}],"wp:attachment":[{"href":"https:\/\/erotoys.pe\/index.php\/wp-json\/wp\/v2\/media?parent=1077"}],"wp:term":[{"taxonomy":"product_brand","embeddable":true,"href":"https:\/\/erotoys.pe\/index.php\/wp-json\/wp\/v2\/product_brand?post=1077"},{"taxonomy":"product_cat","embeddable":true,"href":"https:\/\/erotoys.pe\/index.php\/wp-json\/wp\/v2\/product_cat?post=1077"},{"taxonomy":"product_tag","embeddable":true,"href":"https:\/\/erotoys.pe\/index.php\/wp-json\/wp\/v2\/product_tag?post=1077"}],"curies":[{"name":"wp","href":"https:\/\/api.w.org\/{rel}","templated":true}]}}