{"id":1076,"date":"2022-07-07T15:10:22","date_gmt":"2022-07-07T20:10:22","guid":{"rendered":"https:\/\/erotoys.pe\/?post_type=product&#038;p=1076"},"modified":"2023-05-16T10:00:07","modified_gmt":"2023-05-16T15:00:07","slug":"svakom-tulip-negro","status":"publish","type":"product","link":"https:\/\/erotoys.pe\/index.php\/producto\/svakom-tulip-negro\/","title":{"rendered":"Svakom Tulip &#8211; Negro"},"content":{"rendered":"<p>La balita vibradora Tulip te permite utilizarla en todas tus zonas er\u00f3genas, sobre todo para la estimulaci\u00f3n del cl\u00edtoris mediante sus potentes vibraciones<\/p>\n<ul>\n<li>10 programas de vibraci\u00f3n.<\/li>\n<li>Hecho de silicona suave y segura para el cuerpo.<\/li>\n<li>Tiempo de carga y uso: 1 hora<\/li>\n<li>Recargable mediante el cable USB incluido.<\/li>\n<li>F\u00e1cil de limpiar.<\/li>\n<\/ul>\n","protected":false},"excerpt":{"rendered":"<p>PVP: S\/ 169.00<\/p>\n","protected":false},"featured_media":1170,"comment_status":"closed","ping_status":"closed","template":"","meta":[],"product_brand":[],"product_cat":[37],"product_tag":[34,28,35],"class_list":{"0":"post-1076","1":"product","2":"type-product","3":"status-publish","4":"has-post-thumbnail","6":"product_cat-vibradores-externos","7":"product_tag-julio","8":"product_tag-svakom","9":"product_tag-vulva","11":"first","12":"instock","13":"shipping-taxable","14":"product-type-simple"},"_links":{"self":[{"href":"https:\/\/erotoys.pe\/index.php\/wp-json\/wp\/v2\/product\/1076","targetHints":{"allow":["GET"]}}],"collection":[{"href":"https:\/\/erotoys.pe\/index.php\/wp-json\/wp\/v2\/product"}],"about":[{"href":"https:\/\/erotoys.pe\/index.php\/wp-json\/wp\/v2\/types\/product"}],"replies":[{"embeddable":true,"href":"https:\/\/erotoys.pe\/index.php\/wp-json\/wp\/v2\/comments?post=1076"}],"wp:featuredmedia":[{"embeddable":true,"href":"https:\/\/erotoys.pe\/index.php\/wp-json\/wp\/v2\/media\/1170"}],"wp:attachment":[{"href":"https:\/\/erotoys.pe\/index.php\/wp-json\/wp\/v2\/media?parent=1076"}],"wp:term":[{"taxonomy":"product_brand","embeddable":true,"href":"https:\/\/erotoys.pe\/index.php\/wp-json\/wp\/v2\/product_brand?post=1076"},{"taxonomy":"product_cat","embeddable":true,"href":"https:\/\/erotoys.pe\/index.php\/wp-json\/wp\/v2\/product_cat?post=1076"},{"taxonomy":"product_tag","embeddable":true,"href":"https:\/\/erotoys.pe\/index.php\/wp-json\/wp\/v2\/product_tag?post=1076"}],"curies":[{"name":"wp","href":"https:\/\/api.w.org\/{rel}","templated":true}]}}