{"id":1053,"date":"2022-07-07T15:09:35","date_gmt":"2022-07-07T20:09:35","guid":{"rendered":"https:\/\/erotoys.pe\/?post_type=product&#038;p=1053"},"modified":"2023-05-16T10:02:57","modified_gmt":"2023-05-16T15:02:57","slug":"svakom-ella-neo-con-app","status":"publish","type":"product","link":"https:\/\/erotoys.pe\/index.php\/producto\/svakom-ella-neo-con-app\/","title":{"rendered":"Svakom Ella Neo con App"},"content":{"rendered":"<p>Ella Neo es un vibrador que te permitir\u00e1 experimentar sensaciones completamente nuevas fuera de tu habitaci\u00f3n. Cede el control a tu pareja para que te lleve en un viaje de placer.<\/p>\n<ul>\n<li>Compatible con la app gratuita FeelConnect 3, disponible para Google Play y App Store.<\/li>\n<li>Mediante la app podr\u00e1s crear tus propios patrones de vibraci\u00f3n, e incluso cederle el control a tu pareja, as\u00ed est\u00e9 al otro lado del mundo.<\/li>\n<li>11 modos de vibraci\u00f3n al usarlo sin app.<\/li>\n<li>Impermeable (IPX6), puedes usarlo en la ducha.<\/li>\n<li>Hecho de silicona suave y segura para el cuerpo.<\/li>\n<li>Medidas: Largo total: 21.5 cm \/ Longitud insertable: 8 cm \/ Di\u00e1metro: 3,2 cm.<\/li>\n<li>Recargable mediante el cable USB incluido.<\/li>\n<li>Tiempo de carga: 1 hora.<\/li>\n<li>Duraci\u00f3n bater\u00eda: 2 horas continuas.<\/li>\n<\/ul>\n","protected":false},"excerpt":{"rendered":"<p>PVP: S\/ 359.00<\/p>\n","protected":false},"featured_media":1153,"comment_status":"closed","ping_status":"closed","template":"","meta":[],"product_brand":[],"product_cat":[25,17],"product_tag":[34,28,35],"class_list":{"0":"post-1053","1":"product","2":"type-product","3":"status-publish","4":"has-post-thumbnail","6":"product_cat-app","7":"product_cat-en-pareja","8":"product_tag-julio","9":"product_tag-svakom","10":"product_tag-vulva","12":"first","13":"instock","14":"shipping-taxable","15":"product-type-simple"},"_links":{"self":[{"href":"https:\/\/erotoys.pe\/index.php\/wp-json\/wp\/v2\/product\/1053","targetHints":{"allow":["GET"]}}],"collection":[{"href":"https:\/\/erotoys.pe\/index.php\/wp-json\/wp\/v2\/product"}],"about":[{"href":"https:\/\/erotoys.pe\/index.php\/wp-json\/wp\/v2\/types\/product"}],"replies":[{"embeddable":true,"href":"https:\/\/erotoys.pe\/index.php\/wp-json\/wp\/v2\/comments?post=1053"}],"wp:featuredmedia":[{"embeddable":true,"href":"https:\/\/erotoys.pe\/index.php\/wp-json\/wp\/v2\/media\/1153"}],"wp:attachment":[{"href":"https:\/\/erotoys.pe\/index.php\/wp-json\/wp\/v2\/media?parent=1053"}],"wp:term":[{"taxonomy":"product_brand","embeddable":true,"href":"https:\/\/erotoys.pe\/index.php\/wp-json\/wp\/v2\/product_brand?post=1053"},{"taxonomy":"product_cat","embeddable":true,"href":"https:\/\/erotoys.pe\/index.php\/wp-json\/wp\/v2\/product_cat?post=1053"},{"taxonomy":"product_tag","embeddable":true,"href":"https:\/\/erotoys.pe\/index.php\/wp-json\/wp\/v2\/product_tag?post=1053"}],"curies":[{"name":"wp","href":"https:\/\/api.w.org\/{rel}","templated":true}]}}