{"id":1051,"date":"2022-07-07T15:09:35","date_gmt":"2022-07-07T20:09:35","guid":{"rendered":"https:\/\/erotoys.pe\/?post_type=product&#038;p=1051"},"modified":"2023-05-16T10:03:07","modified_gmt":"2023-05-16T15:03:07","slug":"svakom-alex-neo-con-app","status":"publish","type":"product","link":"https:\/\/erotoys.pe\/index.php\/producto\/svakom-alex-neo-con-app\/","title":{"rendered":"Svakom Alex Neo con App"},"content":{"rendered":"<p>Alex Neo es un masturbador masculino lleno de tecnolog\u00eda que est\u00e1 equipado con un motor de empuje m\u00e1s intenso que introduce una fuerza de empuje potente y ajustable, llev\u00e1ndote tan lejos como desees. Experiencia inmersiva. Viene con 5 escenarios de fantas\u00edas sexuales: playa, salvaje, aula, en el avi\u00f3n y en la oficina. Con Alex Neo, cada vez es una nueva oportunidad para explorar tus deseos m\u00e1s profundos. \u00a1Cierra los ojos, relaja tu mente y deja que comience la fantas\u00eda!<\/p>\n<p>\u00a1Disfruta con quien quieras, est\u00e9s donde est\u00e9s!<\/p>\n<ul>\n<li>Compatible con videos interactivos en tu p\u00e1gina de videos para adultos favorita.<\/li>\n<li>Control de larga distancia a trav\u00e9s de la app. Disfruta con quien quieras, est\u00e9s donde est\u00e9s.<\/li>\n<li>7 modos intensos de empuje autom\u00e1tico (Sube y Baja).<\/li>\n<li>Experiencia inmersiva: 5 escenarios de fantas\u00edas sexuales.<\/li>\n<li>Dise\u00f1o interior con textura para estimulaci\u00f3n adicional.<\/li>\n<li>Sesi\u00f3n larga: m\u00e1s de 1 hora de diversi\u00f3n despu\u00e9s de una carga completa.<\/li>\n<li>Ajuste perfecto: funda adaptable \u00fanica para cualquier tama\u00f1o.<\/li>\n<li>F\u00e1cil de limpiar: dise\u00f1o de giro y bloqueo.<\/li>\n<li>Tama\u00f1o: 33.2 cm. x 9.6 cm<\/li>\n<li>Recargable mediante el cable USB incluido.<\/li>\n<li>Material: ABS \/ TPE<\/li>\n<\/ul>\n","protected":false},"excerpt":{"rendered":"<p>PVP: S\/ 719.00<\/p>\n","protected":false},"featured_media":1141,"comment_status":"closed","ping_status":"closed","template":"","meta":[],"product_brand":[],"product_cat":[25,21],"product_tag":[50,43,28],"class_list":{"0":"post-1051","1":"product","2":"type-product","3":"status-publish","4":"has-post-thumbnail","6":"product_cat-app","7":"product_cat-masturbadores","8":"product_tag-masturbador","9":"product_tag-pene","10":"product_tag-svakom","12":"first","13":"instock","14":"shipping-taxable","15":"product-type-simple"},"_links":{"self":[{"href":"https:\/\/erotoys.pe\/index.php\/wp-json\/wp\/v2\/product\/1051","targetHints":{"allow":["GET"]}}],"collection":[{"href":"https:\/\/erotoys.pe\/index.php\/wp-json\/wp\/v2\/product"}],"about":[{"href":"https:\/\/erotoys.pe\/index.php\/wp-json\/wp\/v2\/types\/product"}],"replies":[{"embeddable":true,"href":"https:\/\/erotoys.pe\/index.php\/wp-json\/wp\/v2\/comments?post=1051"}],"wp:featuredmedia":[{"embeddable":true,"href":"https:\/\/erotoys.pe\/index.php\/wp-json\/wp\/v2\/media\/1141"}],"wp:attachment":[{"href":"https:\/\/erotoys.pe\/index.php\/wp-json\/wp\/v2\/media?parent=1051"}],"wp:term":[{"taxonomy":"product_brand","embeddable":true,"href":"https:\/\/erotoys.pe\/index.php\/wp-json\/wp\/v2\/product_brand?post=1051"},{"taxonomy":"product_cat","embeddable":true,"href":"https:\/\/erotoys.pe\/index.php\/wp-json\/wp\/v2\/product_cat?post=1051"},{"taxonomy":"product_tag","embeddable":true,"href":"https:\/\/erotoys.pe\/index.php\/wp-json\/wp\/v2\/product_tag?post=1051"}],"curies":[{"name":"wp","href":"https:\/\/api.w.org\/{rel}","templated":true}]}}