{"id":1038,"date":"2022-07-07T15:09:10","date_gmt":"2022-07-07T20:09:10","guid":{"rendered":"https:\/\/erotoys.pe\/?post_type=product&#038;p=1038"},"modified":"2023-05-16T10:03:12","modified_gmt":"2023-05-16T15:03:12","slug":"svakom-sam-neo-con-app","status":"publish","type":"product","link":"https:\/\/erotoys.pe\/index.php\/producto\/svakom-sam-neo-con-app\/","title":{"rendered":"Svakom Sam Neo con App"},"content":{"rendered":"<div>Sam Neo es un maravilloso masturbador masculino que trabaja con succi\u00f3n y vibraci\u00f3n imitando de forma realista el sexo oral. Contiene funciones interactivas incluidas en la APP donde puedes sincronizar videos; tambi\u00e9n su controlador remoto permite que tu pareja pueda interactuar manejando los diferentes niveles de potencia, sin importar la distancia.<\/div>\n<div><\/div>\n<div><b>Principales caracter\u00edsticas:<\/b><\/div>\n<ul>\n<li>Compatible con videos interactivos en tu p\u00e1gina de videos para adultos favorita.<\/li>\n<li>Control de larga distancia a trav\u00e9s de la app. Disfruta con quien quieras, est\u00e9s donde est\u00e9s.<\/li>\n<li>Efecto de succi\u00f3n \u00fanico que incluye 5 niveles diferentes de estimulaci\u00f3n.<\/li>\n<li>Dise\u00f1o interior con textura para estimulaci\u00f3n adicional.<\/li>\n<\/ul>\n<div><b>Informaci\u00f3n importante:<\/b><\/div>\n<ul>\n<li>No es resistente al agua.<\/li>\n<li>Material: silicona.<\/li>\n<li>Tiempo de carga: 3 horas.<\/li>\n<li>Tiempo de uso: 1 hora.<\/li>\n<li>Recargable mediante cable USB incluido.<\/li>\n<\/ul>\n<div><b>Uso y mantenimiento:<\/b><\/div>\n<ul>\n<li>Desmontable y f\u00e1cil de limpiar, sigue las instrucciones incluidas en el producto.<\/li>\n<\/ul>\n","protected":false},"excerpt":{"rendered":"<p>PVP: S\/ 489.00<\/p>\n","protected":false},"featured_media":1135,"comment_status":"closed","ping_status":"closed","template":"","meta":[],"product_brand":[],"product_cat":[25,21],"product_tag":[50,43,28],"class_list":{"0":"post-1038","1":"product","2":"type-product","3":"status-publish","4":"has-post-thumbnail","6":"product_cat-app","7":"product_cat-masturbadores","8":"product_tag-masturbador","9":"product_tag-pene","10":"product_tag-svakom","12":"first","13":"instock","14":"shipping-taxable","15":"product-type-simple"},"_links":{"self":[{"href":"https:\/\/erotoys.pe\/index.php\/wp-json\/wp\/v2\/product\/1038","targetHints":{"allow":["GET"]}}],"collection":[{"href":"https:\/\/erotoys.pe\/index.php\/wp-json\/wp\/v2\/product"}],"about":[{"href":"https:\/\/erotoys.pe\/index.php\/wp-json\/wp\/v2\/types\/product"}],"replies":[{"embeddable":true,"href":"https:\/\/erotoys.pe\/index.php\/wp-json\/wp\/v2\/comments?post=1038"}],"wp:featuredmedia":[{"embeddable":true,"href":"https:\/\/erotoys.pe\/index.php\/wp-json\/wp\/v2\/media\/1135"}],"wp:attachment":[{"href":"https:\/\/erotoys.pe\/index.php\/wp-json\/wp\/v2\/media?parent=1038"}],"wp:term":[{"taxonomy":"product_brand","embeddable":true,"href":"https:\/\/erotoys.pe\/index.php\/wp-json\/wp\/v2\/product_brand?post=1038"},{"taxonomy":"product_cat","embeddable":true,"href":"https:\/\/erotoys.pe\/index.php\/wp-json\/wp\/v2\/product_cat?post=1038"},{"taxonomy":"product_tag","embeddable":true,"href":"https:\/\/erotoys.pe\/index.php\/wp-json\/wp\/v2\/product_tag?post=1038"}],"curies":[{"name":"wp","href":"https:\/\/api.w.org\/{rel}","templated":true}]}}